{"id":11292,"date":"2024-04-02T13:41:50","date_gmt":"2024-04-02T13:41:50","guid":{"rendered":"https:\/\/alinebea.com\/?page_id=11292"},"modified":"2024-04-02T14:02:57","modified_gmt":"2024-04-02T14:02:57","slug":"fabric","status":"publish","type":"page","link":"https:\/\/alinebea.com\/pt\/shop\/fabric\/","title":{"rendered":"Tecidos"},"content":{"rendered":"<div data-elementor-type=\"wp-page\" data-elementor-id=\"11292\" class=\"elementor elementor-11292\">\n\t\t\t\t\t\t<section class=\"elementor-section elementor-top-section elementor-element elementor-element-11ac04cc elementor-section-boxed elementor-section-height-default elementor-section-height-default parallax_section_no qode_elementor_container_no\" data-id=\"11ac04cc\" data-element_type=\"section\" data-e-type=\"section\">\n\t\t\t\t\t\t<div class=\"elementor-container elementor-column-gap-default\">\n\t\t\t\t\t<div class=\"elementor-column elementor-col-100 elementor-top-column elementor-element elementor-element-27befa24\" data-id=\"27befa24\" data-element_type=\"column\" data-e-type=\"column\">\n\t\t\t<div class=\"elementor-widget-wrap elementor-element-populated\">\n\t\t\t\t\t\t<div class=\"elementor-element elementor-element-708e90c9 elementor-widget elementor-widget-heading\" data-id=\"708e90c9\" data-element_type=\"widget\" data-e-type=\"widget\" data-widget_type=\"heading.default\">\n\t\t\t\t<div class=\"elementor-widget-container\">\n\t\t\t\t\t<h4 class=\"elementor-heading-title elementor-size-default\">tecido a metro<\/h4>\t\t\t\t<\/div>\n\t\t\t\t<\/div>\n\t\t\t\t<div class=\"elementor-element elementor-element-5139aa34 elementor-widget elementor-widget-image\" data-id=\"5139aa34\" data-element_type=\"widget\" data-e-type=\"widget\" data-widget_type=\"image.default\">\n\t\t\t\t<div class=\"elementor-widget-container\">\n\t\t\t\t\t\t\t\t\t\t\t\t\t\t\t\t<a href=\"https:\/\/www.spoonflower.com\/profiles\/aline_bea?sort=classic&#038;substrate=wallpaper\" target=\"_blank\" rel=\"noopener\">\n\t\t\t\t\t\t\t<img fetchpriority=\"high\" decoding=\"async\" width=\"570\" height=\"98\" src=\"https:\/\/alinebea.com\/wp-content\/uploads\/2024\/04\/Spoonflower-150.jpg\" class=\"attachment-large size-large wp-image-11259\" alt=\"Spoonflower logo in black and white\" srcset=\"https:\/\/alinebea.com\/wp-content\/uploads\/2024\/04\/Spoonflower-150.jpg 570w, https:\/\/alinebea.com\/wp-content\/uploads\/2024\/04\/Spoonflower-150-300x52.jpg 300w, https:\/\/alinebea.com\/wp-content\/uploads\/2024\/04\/Spoonflower-150-18x3.jpg 18w\" sizes=\"(max-width: 570px) 100vw, 570px\" \/>\t\t\t\t\t\t\t\t<\/a>\n\t\t\t\t\t\t\t\t\t\t\t\t\t\t\t<\/div>\n\t\t\t\t<\/div>\n\t\t\t\t<div class=\"elementor-element elementor-element-275e0e78 elementor-widget elementor-widget-text-editor\" data-id=\"275e0e78\" data-element_type=\"widget\" data-e-type=\"widget\" data-widget_type=\"text-editor.default\">\n\t\t\t\t<div class=\"elementor-widget-container\">\n\t\t\t\t\t\t\t\t\t<p class=\"Paragraph-AB\"><span lang=\"EN-US\">Compre minhas estampas nos tecidos macios e confort\u00e1veis do Spoonflower! Perfeitos para quilting, costura, estofamento e projetos exclusivos de design e decora\u00e7\u00e3o de interiores.\u00a0<\/span><\/p><p>\u00a0<\/p>\t\t\t\t\t\t\t\t<\/div>\n\t\t\t\t<\/div>\n\t\t\t\t\t<\/div>\n\t\t<\/div>\n\t\t\t\t\t<\/div>\n\t\t<\/section>\n\t\t\t\t<section class=\"elementor-section elementor-top-section elementor-element elementor-element-c4f655c elementor-section-boxed elementor-section-height-default elementor-section-height-default parallax_section_no qode_elementor_container_no\" data-id=\"c4f655c\" data-element_type=\"section\" data-e-type=\"section\">\n\t\t\t\t\t\t<div class=\"elementor-container elementor-column-gap-default\">\n\t\t\t\t\t<div class=\"elementor-column elementor-col-100 elementor-top-column elementor-element elementor-element-b33b4b8\" data-id=\"b33b4b8\" data-element_type=\"column\" data-e-type=\"column\">\n\t\t\t<div class=\"elementor-widget-wrap elementor-element-populated\">\n\t\t\t\t\t\t<div class=\"elementor-element elementor-element-2f04bf1 elementor-widget elementor-widget-image\" data-id=\"2f04bf1\" data-element_type=\"widget\" data-e-type=\"widget\" data-widget_type=\"image.default\">\n\t\t\t\t<div class=\"elementor-widget-container\">\n\t\t\t\t\t\t\t\t\t\t\t\t\t\t\t\t<a href=\"https:\/\/www.spoonflower.com\/profiles\/aline_bea?sort=classic&#038;substrate=fabric\" target=\"_blank\" rel=\"noopener\">\n\t\t\t\t\t\t\t<img decoding=\"async\" width=\"720\" height=\"932\" src=\"https:\/\/alinebea.com\/wp-content\/uploads\/2024\/04\/Spoonflower-thirty-days-flowers-fabric-collection.gif\" class=\"attachment-large size-large wp-image-11308\" alt=\"Animation showing folded fabric stocking up on top of each other. Revealing at the end that the fabrics are from Thirty Days of Flowers collection by Aline Bea, and that they are available at Spoonflower.\" \/>\t\t\t\t\t\t\t\t<\/a>\n\t\t\t\t\t\t\t\t\t\t\t\t\t\t\t<\/div>\n\t\t\t\t<\/div>\n\t\t\t\t\t<\/div>\n\t\t<\/div>\n\t\t\t\t\t<\/div>\n\t\t<\/section>\n\t\t\t\t<section class=\"elementor-section elementor-top-section elementor-element elementor-element-677872a elementor-section-boxed elementor-section-height-default elementor-section-height-default parallax_section_no qode_elementor_container_no\" data-id=\"677872a\" data-element_type=\"section\" data-e-type=\"section\">\n\t\t\t\t\t\t<div class=\"elementor-container elementor-column-gap-default\">\n\t\t\t\t\t<div class=\"elementor-column elementor-col-100 elementor-top-column elementor-element elementor-element-ba2aa7e\" data-id=\"ba2aa7e\" data-element_type=\"column\" data-e-type=\"column\">\n\t\t\t<div class=\"elementor-widget-wrap elementor-element-populated\">\n\t\t\t\t\t\t<div class=\"elementor-element elementor-element-20603b7 elementor-widget elementor-widget-text-editor\" data-id=\"20603b7\" data-element_type=\"widget\" data-e-type=\"widget\" data-widget_type=\"text-editor.default\">\n\t\t\t\t<div class=\"elementor-widget-container\">\n\t\t\t\t\t\t\t\t\t<p><span lang=\"EN-US\">Dispon\u00edevl em algod\u00e3o org\u00e2nico, linho, jersey, seda, fleece, Lycra e muito mais. <\/span><\/p><p>Design exclusivo Aline Bea, impresso e distribu\u00eddo por Spoonflower.<\/p>\t\t\t\t\t\t\t\t<\/div>\n\t\t\t\t<\/div>\n\t\t\t\t<div class=\"elementor-element elementor-element-2948cbd elementor-widget__width-auto elementor-widget elementor-widget-bridge_button\" data-id=\"2948cbd\" data-element_type=\"widget\" data-e-type=\"widget\" data-widget_type=\"bridge_button.default\">\n\t\t\t\t<div class=\"elementor-widget-container\">\n\t\t\t\t\t<a itemprop=\"url\" href=\"https:\/\/www.spoonflower.com\/profiles\/aline_bea?sort=classic&#038;substrate=fabric\" target=\"_blank\" class=\"qbutton  default\" style=\"\" rel=\"noopener\">Comprar no Spoonflower<\/a>\t\t\t\t<\/div>\n\t\t\t\t<\/div>\n\t\t\t\t\t<\/div>\n\t\t<\/div>\n\t\t\t\t\t<\/div>\n\t\t<\/section>\n\t\t\t\t<section class=\"elementor-section elementor-top-section elementor-element elementor-element-4a6d27d elementor-section-boxed elementor-section-height-default elementor-section-height-default parallax_section_no qode_elementor_container_no\" data-id=\"4a6d27d\" data-element_type=\"section\" data-e-type=\"section\" data-settings=\"{&quot;background_background&quot;:&quot;classic&quot;}\">\n\t\t\t\t\t\t<div class=\"elementor-container elementor-column-gap-default\">\n\t\t\t\t\t<div class=\"elementor-column elementor-col-100 elementor-top-column elementor-element elementor-element-3bc7d75\" data-id=\"3bc7d75\" data-element_type=\"column\" data-e-type=\"column\">\n\t\t\t<div class=\"elementor-widget-wrap elementor-element-populated\">\n\t\t\t\t\t\t<div class=\"elementor-element elementor-element-1878305 elementor-widget elementor-widget-heading\" data-id=\"1878305\" data-element_type=\"widget\" data-e-type=\"widget\" data-widget_type=\"heading.default\">\n\t\t\t\t<div class=\"elementor-widget-container\">\n\t\t\t\t\t<h2 class=\"elementor-heading-title elementor-size-default\">Dicas quentes<\/h2>\t\t\t\t<\/div>\n\t\t\t\t<\/div>\n\t\t\t\t<div class=\"elementor-element elementor-element-f84999b elementor-widget elementor-widget-text-editor\" data-id=\"f84999b\" data-element_type=\"widget\" data-e-type=\"widget\" data-widget_type=\"text-editor.default\">\n\t\t\t\t<div class=\"elementor-widget-container\">\n\t\t\t\t\t\t\t\t\t<p class=\"Paragraph-AB\"><strong><span lang=\"EN-US\">1. <\/span><\/strong><span lang=\"EN-US\">Visite as\u00a0<strong><a href=\"https:\/\/www.spoonflower.com\/profiles\/aline_bea?filter_action=collection&amp;info_action=&amp;nav_action=all&amp;shop_selection=all_collection&amp;sub_action=new_profile\" target=\"_blank\" rel=\"noopener\">minhas cole\u00e7\u00f5es<\/a><\/strong>\u00a0para selecionar estampas que foram feitas para combinar\u00a0<\/span><\/p><h3>\u00a0<\/h3><p class=\"Paragraph-AB\"><span lang=\"EN-US\"><strong>2.<\/strong>\u00a0<\/span><span lang=\"EN-US\">Precisa de uma cor ou escala espec\u00edfica?<strong>\u00a0<a href=\"https:\/\/alinebea.com\/pt\/resize\/\" target=\"_blank\" rel=\"noopener\">Entre em contato<\/a><\/strong>! Ficarei feliz em ajudar.<\/span><\/p><h3>\u00a0<\/h3><p class=\"Paragraph-AB\"><strong><span lang=\"EN-US\">3.\u00a0<\/span><\/strong><span lang=\"EN-US\">Assine a minha newsletter exclusiva para designers de interiores e profissionais de costura para ser notificado sobre novas estampas.<\/span><\/p>\t\t\t\t\t\t\t\t<\/div>\n\t\t\t\t<\/div>\n\t\t\t\t\t<\/div>\n\t\t<\/div>\n\t\t\t\t\t<\/div>\n\t\t<\/section>\n\t\t\t\t<section class=\"elementor-section elementor-top-section elementor-element elementor-element-70793c60 elementor-section-boxed elementor-section-height-default elementor-section-height-default parallax_section_no qode_elementor_container_no\" data-id=\"70793c60\" data-element_type=\"section\" data-e-type=\"section\" data-settings=\"{&quot;background_background&quot;:&quot;classic&quot;}\">\n\t\t\t\t\t\t<div class=\"elementor-container elementor-column-gap-default\">\n\t\t\t\t\t<div class=\"elementor-column elementor-col-100 elementor-top-column elementor-element elementor-element-c77df9a\" data-id=\"c77df9a\" data-element_type=\"column\" data-e-type=\"column\" data-settings=\"{&quot;background_background&quot;:&quot;classic&quot;}\">\n\t\t\t<div class=\"elementor-widget-wrap elementor-element-populated\">\n\t\t\t\t\t\t<div class=\"elementor-element elementor-element-6862878 elementor-widget elementor-widget-heading\" data-id=\"6862878\" data-element_type=\"widget\" data-e-type=\"widget\" data-widget_type=\"heading.default\">\n\t\t\t\t<div class=\"elementor-widget-container\">\n\t\t\t\t\t<h2 class=\"elementor-heading-title elementor-size-default\">newsletter<\/h2>\t\t\t\t<\/div>\n\t\t\t\t<\/div>\n\t\t\t\t<div class=\"elementor-element elementor-element-549221f elementor-widget elementor-widget-heading\" data-id=\"549221f\" data-element_type=\"widget\" data-e-type=\"widget\" data-widget_type=\"heading.default\">\n\t\t\t\t<div class=\"elementor-widget-container\">\n\t\t\t\t\t<h3 class=\"elementor-heading-title elementor-size-default\">para designers de interiores e profissionais de costura<\/h3>\t\t\t\t<\/div>\n\t\t\t\t<\/div>\n\t\t\t\t<div class=\"elementor-element elementor-element-d180e1d elementor-widget elementor-widget-text-editor\" data-id=\"d180e1d\" data-element_type=\"widget\" data-e-type=\"widget\" data-widget_type=\"text-editor.default\">\n\t\t\t\t<div class=\"elementor-widget-container\">\n\t\t\t\t\t\t\t\t\t<p>Voc\u00ea \u00e9 arquitete, designer de interiores, profissional de costura ou decoradore?<\/p><p>Assine a newsletter para ficar por dentro das \u00faltimas estampas e cole\u00e7\u00f5es.\u00a0<\/p>\t\t\t\t\t\t\t\t<\/div>\n\t\t\t\t<\/div>\n\t\t\t\t<div class=\"elementor-element elementor-element-09e82b1 elementor-widget elementor-widget-bridge_cf_7\" data-id=\"09e82b1\" data-element_type=\"widget\" data-e-type=\"widget\" data-widget_type=\"bridge_cf_7.default\">\n\t\t\t\t<div class=\"elementor-widget-container\">\n\t\t\t\t\t    <div class=\"qode-contact-form-7 qode-contact-form-7-0\">\n    \n<div class=\"wpcf7 no-js\" id=\"wpcf7-f11297-o1\" lang=\"en-US\" dir=\"ltr\" data-wpcf7-id=\"11297\">\n<div class=\"screen-reader-response\"><p role=\"status\" aria-live=\"polite\" aria-atomic=\"true\"><\/p> <ul><\/ul><\/div>\n<form action=\"\/pt\/wp-json\/wp\/v2\/pages\/11292#wpcf7-f11297-o1\" method=\"post\" class=\"wpcf7-form init cf7_custom_style_2\" aria-label=\"Contact form\" novalidate=\"novalidate\" data-status=\"init\" data-trp-original-action=\"\/pt\/wp-json\/wp\/v2\/pages\/11292#wpcf7-f11297-o1\">\n<fieldset class=\"hidden-fields-container\"><input type=\"hidden\" name=\"_wpcf7\" value=\"11297\" \/><input type=\"hidden\" name=\"_wpcf7_version\" value=\"6.1.5\" \/><input type=\"hidden\" name=\"_wpcf7_locale\" value=\"en_US\" \/><input type=\"hidden\" name=\"_wpcf7_unit_tag\" value=\"wpcf7-f11297-o1\" \/><input type=\"hidden\" name=\"_wpcf7_container_post\" value=\"0\" \/><input type=\"hidden\" name=\"_wpcf7_posted_data_hash\" value=\"\" \/><input type=\"hidden\" name=\"_wpcf7_recaptcha_response\" value=\"\" \/>\n<\/fieldset>\n<div class=\"two_columns_50_50 clearfix\">\n\t<div class=\"column1\">\n\t\t<div class=\"column_inner\">\n\t\t\t<p><label> <b>Nome*<\/b><b><br \/>\n<span class=\"wpcf7-form-control-wrap\" data-name=\"Name\"><input size=\"40\" maxlength=\"400\" class=\"wpcf7-form-control wpcf7-text wpcf7-validates-as-required Name\" id=\"Name\" aria-required=\"true\" aria-invalid=\"false\" placeholder=\"Seu nome\" value=\"\" type=\"text\" name=\"Name\" \/><\/span><\/b><\/label>\n\t\t\t<\/p>\n\t\t<\/div>\n\t<\/div>\n\t<div class=\"column2\">\n\t\t<div class=\"column_inner\">\n\t\t\t<p><label> <b>Sobrenome*<\/b><b><br \/>\n<span class=\"wpcf7-form-control-wrap\" data-name=\"Last-Name\"><input size=\"40\" maxlength=\"400\" class=\"wpcf7-form-control wpcf7-text wpcf7-validates-as-required last-name\" id=\"last-name\" aria-required=\"true\" aria-invalid=\"false\" placeholder=\"Seu sobrenome\" value=\"\" type=\"text\" name=\"Last-Name\" \/><\/span><\/b><\/label>\n\t\t\t<\/p>\n\t\t<\/div>\n\t<\/div>\n\t<p><label> <b>Email*<\/b><b><br \/>\n<span class=\"wpcf7-form-control-wrap\" data-name=\"Email\"><input size=\"40\" maxlength=\"400\" class=\"wpcf7-form-control wpcf7-email wpcf7-validates-as-required wpcf7-text wpcf7-validates-as-email Email\" id=\"Email\" aria-required=\"true\" aria-invalid=\"false\" placeholder=\"Seu endere\u00e7o de email\" value=\"\" type=\"email\" name=\"Email\" \/><\/span><\/b><\/label>\n\t<\/p>\n\t<p><label> <b>Seu Instagram<br \/>\n<span class=\"wpcf7-form-control-wrap\" data-name=\"Instagram\"><input size=\"40\" maxlength=\"400\" class=\"wpcf7-form-control wpcf7-url wpcf7-text wpcf7-validates-as-url\" aria-invalid=\"false\" placeholder=\"https:\/instagram.com... Eu adoraria seguir vc por l\u00e1!\" value=\"\" type=\"url\" name=\"Instagram\" \/><\/span><\/b><\/label>\n\t<\/p>\n\t<p>Choose the option that better defines you (required)<br \/>\n<span class=\"wpcf7-form-control-wrap\" data-name=\"profession-name\"><span class=\"wpcf7-form-control wpcf7-checkbox wpcf7-validates-as-required wpcf7-exclusive-checkbox profession-name\" id=\"profession-name\"><span class=\"wpcf7-list-item first\"><label><input type=\"checkbox\" name=\"profession-name\" value=\"Interior Designer \/ Decorator\" \/><span class=\"wpcf7-list-item-label\">Interior Designer \/ Decorator<\/span><\/label><\/span><span class=\"wpcf7-list-item\"><label><input type=\"checkbox\" name=\"profession-name\" value=\"Quilter \/ Sewer\" \/><span class=\"wpcf7-list-item-label\">Quilter \/ Sewer<\/span><\/label><\/span><span class=\"wpcf7-list-item last\"><label><input type=\"checkbox\" name=\"profession-name\" value=\"Maker\" \/><span class=\"wpcf7-list-item-label\">Maker<\/span><\/label><\/span><\/span><\/span>\n\t<\/p>\n\t<p><input class=\"wpcf7-form-control wpcf7-submit has-spinner\" type=\"submit\" value=\"Cadastrar\" \/>\n\t<\/p>\n<\/div><p style=\"display: none !important;\" class=\"akismet-fields-container\" data-prefix=\"_wpcf7_ak_\"><label>&#916;<textarea name=\"_wpcf7_ak_hp_textarea\" cols=\"45\" rows=\"8\" maxlength=\"100\"><\/textarea><\/label><input type=\"hidden\" id=\"ak_js_1\" name=\"_wpcf7_ak_js\" value=\"243\"\/><script>document.getElementById( \"ak_js_1\" ).setAttribute( \"value\", ( new Date() ).getTime() );<\/script><\/p><div class=\"wpcf7-response-output\" aria-hidden=\"true\"><\/div>\n<input type=\"hidden\" name=\"trp-form-language\" value=\"pt\"\/><\/form>\n<\/div>\n    <\/div>\n\t\t\t\t<\/div>\n\t\t\t\t<\/div>\n\t\t\t\t\t<\/div>\n\t\t<\/div>\n\t\t\t\t\t<\/div>\n\t\t<\/section>\n\t\t\t\t<section class=\"elementor-section elementor-top-section elementor-element elementor-element-9babc4d elementor-section-boxed elementor-section-height-default elementor-section-height-default parallax_section_no qode_elementor_container_no\" data-id=\"9babc4d\" data-element_type=\"section\" data-e-type=\"section\">\n\t\t\t\t\t\t<div class=\"elementor-container elementor-column-gap-default\">\n\t\t\t\t\t<div class=\"elementor-column elementor-col-100 elementor-top-column elementor-element elementor-element-62ed8c7\" data-id=\"62ed8c7\" data-element_type=\"column\" data-e-type=\"column\">\n\t\t\t<div class=\"elementor-widget-wrap elementor-element-populated\">\n\t\t\t\t\t\t<div class=\"elementor-element elementor-element-b01b9c8 elementor-widget elementor-widget-spacer\" data-id=\"b01b9c8\" data-element_type=\"widget\" data-e-type=\"widget\" data-widget_type=\"spacer.default\">\n\t\t\t\t<div class=\"elementor-widget-container\">\n\t\t\t\t\t\t\t<div class=\"elementor-spacer\">\n\t\t\t<div class=\"elementor-spacer-inner\"><\/div>\n\t\t<\/div>\n\t\t\t\t\t\t<\/div>\n\t\t\t\t<\/div>\n\t\t\t\t\t<\/div>\n\t\t<\/div>\n\t\t\t\t\t<\/div>\n\t\t<\/section>\n\t\t\t\t<\/div>","protected":false},"excerpt":{"rendered":"<p>fabric by the yard Shop my designs on soft, comfy fabrics at Spoonflower! Ideal for quilting, sewing, upholstery and one-of-a-kind interior design and d\u00e9cor projects.\u00a0&#8230;<\/p>","protected":false},"author":1,"featured_media":0,"parent":61,"menu_order":2,"comment_status":"closed","ping_status":"closed","template":"","meta":{"footnotes":""},"class_list":["post-11292","page","type-page","status-publish","hentry"],"_links":{"self":[{"href":"https:\/\/alinebea.com\/pt\/wp-json\/wp\/v2\/pages\/11292","targetHints":{"allow":["GET"]}}],"collection":[{"href":"https:\/\/alinebea.com\/pt\/wp-json\/wp\/v2\/pages"}],"about":[{"href":"https:\/\/alinebea.com\/pt\/wp-json\/wp\/v2\/types\/page"}],"author":[{"embeddable":true,"href":"https:\/\/alinebea.com\/pt\/wp-json\/wp\/v2\/users\/1"}],"replies":[{"embeddable":true,"href":"https:\/\/alinebea.com\/pt\/wp-json\/wp\/v2\/comments?post=11292"}],"version-history":[{"count":46,"href":"https:\/\/alinebea.com\/pt\/wp-json\/wp\/v2\/pages\/11292\/revisions"}],"predecessor-version":[{"id":11345,"href":"https:\/\/alinebea.com\/pt\/wp-json\/wp\/v2\/pages\/11292\/revisions\/11345"}],"up":[{"embeddable":true,"href":"https:\/\/alinebea.com\/pt\/wp-json\/wp\/v2\/pages\/61"}],"wp:attachment":[{"href":"https:\/\/alinebea.com\/pt\/wp-json\/wp\/v2\/media?parent=11292"}],"curies":[{"name":"wp","href":"https:\/\/api.w.org\/{rel}","templated":true}]}}