{"id":12503,"date":"2025-01-23T18:33:09","date_gmt":"2025-01-23T18:33:09","guid":{"rendered":"https:\/\/alinebea.com\/?page_id=12503"},"modified":"2025-01-23T18:35:11","modified_gmt":"2025-01-23T18:35:11","slug":"buy-me-a-coffee","status":"publish","type":"page","link":"https:\/\/alinebea.com\/pt\/buy-me-a-coffee\/","title":{"rendered":"Buy me a coffee"},"content":{"rendered":"<div data-elementor-type=\"wp-page\" data-elementor-id=\"12503\" class=\"elementor elementor-12503\">\n\t\t\t\t\t\t<section class=\"elementor-section elementor-top-section elementor-element elementor-element-9c4ec7a elementor-section-boxed elementor-section-height-default elementor-section-height-default parallax_section_no qode_elementor_container_no\" data-id=\"9c4ec7a\" data-element_type=\"section\" data-e-type=\"section\">\n\t\t\t\t\t\t<div class=\"elementor-container elementor-column-gap-default\">\n\t\t\t\t\t<div class=\"elementor-column elementor-col-50 elementor-top-column elementor-element elementor-element-5fdbdfc\" data-id=\"5fdbdfc\" data-element_type=\"column\" data-e-type=\"column\">\n\t\t\t<div class=\"elementor-widget-wrap elementor-element-populated\">\n\t\t\t\t\t\t<div class=\"elementor-element elementor-element-5b6c9ef elementor-widget elementor-widget-image\" data-id=\"5b6c9ef\" data-element_type=\"widget\" data-e-type=\"widget\" data-widget_type=\"image.default\">\n\t\t\t\t<div class=\"elementor-widget-container\">\n\t\t\t\t\t\t\t\t\t\t\t\t\t\t\t<img fetchpriority=\"high\" decoding=\"async\" width=\"606\" height=\"836\" src=\"https:\/\/alinebea.com\/wp-content\/uploads\/2025\/01\/Aline-tip-jarnewsletter.webp\" class=\"attachment-large size-large wp-image-12504\" alt=\"\" srcset=\"https:\/\/alinebea.com\/wp-content\/uploads\/2025\/01\/Aline-tip-jarnewsletter.webp 606w, https:\/\/alinebea.com\/wp-content\/uploads\/2025\/01\/Aline-tip-jarnewsletter-217x300.webp 217w, https:\/\/alinebea.com\/wp-content\/uploads\/2025\/01\/Aline-tip-jarnewsletter-9x12.webp 9w\" sizes=\"(max-width: 606px) 100vw, 606px\" \/>\t\t\t\t\t\t\t\t\t\t\t\t\t\t\t<\/div>\n\t\t\t\t<\/div>\n\t\t\t\t\t<\/div>\n\t\t<\/div>\n\t\t\t\t<div class=\"elementor-column elementor-col-50 elementor-top-column elementor-element elementor-element-a4746f9\" data-id=\"a4746f9\" data-element_type=\"column\" data-e-type=\"column\" data-settings=\"{&quot;background_background&quot;:&quot;classic&quot;}\">\n\t\t\t<div class=\"elementor-widget-wrap elementor-element-populated\">\n\t\t\t\t\t\t<div class=\"elementor-element elementor-element-2b83152 elementor-widget elementor-widget-heading\" data-id=\"2b83152\" data-element_type=\"widget\" data-e-type=\"widget\" data-widget_type=\"heading.default\">\n\t\t\t\t<div class=\"elementor-widget-container\">\n\t\t\t\t\t<h1 class=\"elementor-heading-title elementor-size-default\">ME COMPRA UM CAF\u00c9<\/h1>\t\t\t\t<\/div>\n\t\t\t\t<\/div>\n\t\t\t\t<div class=\"elementor-element elementor-element-e41f304 elementor-widget elementor-widget-heading\" data-id=\"e41f304\" data-element_type=\"widget\" data-e-type=\"widget\" data-widget_type=\"heading.default\">\n\t\t\t\t<div class=\"elementor-widget-container\">\n\t\t\t\t\t<h5 class=\"elementor-heading-title elementor-size-default\">ou dois!<\/h5>\t\t\t\t<\/div>\n\t\t\t\t<\/div>\n\t\t\t\t<div class=\"elementor-element elementor-element-f6a0d17 elementor-widget elementor-widget-text-editor\" data-id=\"f6a0d17\" data-element_type=\"widget\" data-e-type=\"widget\" data-widget_type=\"text-editor.default\">\n\t\t\t\t<div class=\"elementor-widget-container\">\n\t\t\t\t\t\t\t\t\t<p>Bem-vinde ao meu potinho de gorjetas, um cantinho sem press\u00e3o, apenas aprecia\u00e7\u00e3o! Se voc\u00ea gosta da minha newsletter, dos arquivos gratuitos e mockups, e quer enviar um high-five virtual (ou alguns trocados),\u00a0<span style=\"background-color: #ffffff;\">eu agrade\u00e7o<\/span>. O seu suporte me ajuda a continuar trazendo conte\u00fado de qualidade gratuito para voc\u00ea. Obrigada!\u00a0<\/p>\t\t\t\t\t\t\t\t<\/div>\n\t\t\t\t<\/div>\n\t\t\t\t<div class=\"elementor-element elementor-element-49fa6ea elementor-widget elementor-widget-bridge_button\" data-id=\"49fa6ea\" data-element_type=\"widget\" data-e-type=\"widget\" data-widget_type=\"bridge_button.default\">\n\t\t\t\t<div class=\"elementor-widget-container\">\n\t\t\t\t\t<a itemprop=\"url\" href=\"https:\/\/www.paypal.com\/donate\/?hosted_button_id=KAN4WKS4TP92E\" target=\"_self\" class=\"qbutton  default\" style=\"\" rel=\"noopener\">Saindo um cafezinho!<\/a>\t\t\t\t<\/div>\n\t\t\t\t<\/div>\n\t\t\t\t<div class=\"elementor-element elementor-element-0261049 elementor-widget elementor-widget-text-editor\" data-id=\"0261049\" data-element_type=\"widget\" data-e-type=\"widget\" data-widget_type=\"text-editor.default\">\n\t\t\t\t<div class=\"elementor-widget-container\">\n\t\t\t\t\t\t\t\t\t<p><em>*Ao clicar no bot\u00e3o, voc\u00ea ser\u00e1 levado ao gateway do PayPal. As doa\u00e7\u00f5es s\u00e3o r\u00e1pidas, seguras e totalmente an\u00f4nimas (a menos que voc\u00ea escolha me deixar um recadinho). Todas as moedas s\u00e3o aceitas e n\u00e3o \u00e9 necess\u00e1rio fazer login.<\/em><\/p>\t\t\t\t\t\t\t\t<\/div>\n\t\t\t\t<\/div>\n\t\t\t\t\t<\/div>\n\t\t<\/div>\n\t\t\t\t\t<\/div>\n\t\t<\/section>\n\t\t\t\t<section class=\"elementor-section elementor-top-section elementor-element elementor-element-29b0981 elementor-section-boxed elementor-section-height-default elementor-section-height-default parallax_section_no qode_elementor_container_no\" data-id=\"29b0981\" data-element_type=\"section\" data-e-type=\"section\">\n\t\t\t\t\t\t<div class=\"elementor-container elementor-column-gap-default\">\n\t\t\t\t\t<div class=\"elementor-column elementor-col-100 elementor-top-column elementor-element elementor-element-380aa28\" data-id=\"380aa28\" data-element_type=\"column\" data-e-type=\"column\">\n\t\t\t<div class=\"elementor-widget-wrap elementor-element-populated\">\n\t\t\t\t\t\t<div class=\"elementor-element elementor-element-50d6015 elementor-widget elementor-widget-html\" data-id=\"50d6015\" data-element_type=\"widget\" data-e-type=\"widget\" data-widget_type=\"html.default\">\n\t\t\t\t<div class=\"elementor-widget-container\">\n\t\t\t\t\t<br>\n<br>\n<br>\n<br>\n<br>\t\t\t\t<\/div>\n\t\t\t\t<\/div>\n\t\t\t\t\t<\/div>\n\t\t<\/div>\n\t\t\t\t\t<\/div>\n\t\t<\/section>\n\t\t\t\t<\/div>","protected":false},"excerpt":{"rendered":"<p>BUY ME A COFFEE or two \ud83d\ude42 Welcome to my tip jar, a cozy little corner with no pressure, just appreciation! If you\u2019ve enjoyed my&#8230;<\/p>","protected":false},"author":1,"featured_media":0,"parent":0,"menu_order":0,"comment_status":"closed","ping_status":"closed","template":"full_width.php","meta":{"footnotes":""},"class_list":["post-12503","page","type-page","status-publish","hentry"],"_links":{"self":[{"href":"https:\/\/alinebea.com\/pt\/wp-json\/wp\/v2\/pages\/12503","targetHints":{"allow":["GET"]}}],"collection":[{"href":"https:\/\/alinebea.com\/pt\/wp-json\/wp\/v2\/pages"}],"about":[{"href":"https:\/\/alinebea.com\/pt\/wp-json\/wp\/v2\/types\/page"}],"author":[{"embeddable":true,"href":"https:\/\/alinebea.com\/pt\/wp-json\/wp\/v2\/users\/1"}],"replies":[{"embeddable":true,"href":"https:\/\/alinebea.com\/pt\/wp-json\/wp\/v2\/comments?post=12503"}],"version-history":[{"count":23,"href":"https:\/\/alinebea.com\/pt\/wp-json\/wp\/v2\/pages\/12503\/revisions"}],"predecessor-version":[{"id":12533,"href":"https:\/\/alinebea.com\/pt\/wp-json\/wp\/v2\/pages\/12503\/revisions\/12533"}],"wp:attachment":[{"href":"https:\/\/alinebea.com\/pt\/wp-json\/wp\/v2\/media?parent=12503"}],"curies":[{"name":"wp","href":"https:\/\/api.w.org\/{rel}","templated":true}]}}