{"id":12509,"date":"2025-01-23T18:36:45","date_gmt":"2025-01-23T18:36:45","guid":{"rendered":"https:\/\/alinebea.com\/?page_id=12509"},"modified":"2025-01-23T18:36:46","modified_gmt":"2025-01-23T18:36:46","slug":"thank-you","status":"publish","type":"page","link":"https:\/\/alinebea.com\/pt\/thank-you\/","title":{"rendered":"Obrigada"},"content":{"rendered":"<div data-elementor-type=\"wp-page\" data-elementor-id=\"12509\" class=\"elementor elementor-12509\">\n\t\t\t\t\t\t<section class=\"elementor-section elementor-top-section elementor-element elementor-element-f1d296c elementor-section-content-middle elementor-section-boxed elementor-section-height-default elementor-section-height-default parallax_section_no qode_elementor_container_no\" data-id=\"f1d296c\" data-element_type=\"section\" data-e-type=\"section\">\n\t\t\t\t\t\t<div class=\"elementor-container elementor-column-gap-default\">\n\t\t\t\t\t<div class=\"elementor-column elementor-col-100 elementor-top-column elementor-element elementor-element-a4746f9\" data-id=\"a4746f9\" data-element_type=\"column\" data-e-type=\"column\" data-settings=\"{&quot;background_background&quot;:&quot;classic&quot;}\">\n\t\t\t<div class=\"elementor-widget-wrap elementor-element-populated\">\n\t\t\t\t\t\t<div class=\"elementor-element elementor-element-2b83152 elementor-widget elementor-widget-heading\" data-id=\"2b83152\" data-element_type=\"widget\" data-e-type=\"widget\" data-widget_type=\"heading.default\">\n\t\t\t\t<div class=\"elementor-widget-container\">\n\t\t\t\t\t<h1 class=\"elementor-heading-title elementor-size-default\">Obrigada!<\/h1>\t\t\t\t<\/div>\n\t\t\t\t<\/div>\n\t\t\t\t<div class=\"elementor-element elementor-element-e41f304 elementor-widget elementor-widget-heading\" data-id=\"e41f304\" data-element_type=\"widget\" data-e-type=\"widget\" data-widget_type=\"heading.default\">\n\t\t\t\t<div class=\"elementor-widget-container\">\n\t\t\t\t\t<h5 class=\"elementor-heading-title elementor-size-default\">Voc\u00ea \u00e9 incr\u00edvel! <\/h5>\t\t\t\t<\/div>\n\t\t\t\t<\/div>\n\t\t\t\t<div class=\"elementor-element elementor-element-306fa51 elementor-widget elementor-widget-text-editor\" data-id=\"306fa51\" data-element_type=\"widget\" data-e-type=\"widget\" data-widget_type=\"text-editor.default\">\n\t\t\t\t<div class=\"elementor-widget-container\">\n\t\t\t\t\t\t\t\t\t<h4 style=\"text-align: center;\"><strong><a href=\"https:\/\/alinebea.com\/pt\/shop\/\">SHOP<\/a><\/strong><\/h4><h4 style=\"text-align: center;\"><span style=\"color: #000000;\"><a style=\"color: #000000;\" href=\"https:\/\/alinebea.com\/pt\/blog\/\">BLOG<\/a><\/span><\/h4><h4 style=\"text-align: center;\">\u00a0<\/h4><h4 style=\"text-align: center;\"><a href=\"https:\/\/www.instagram.com\/alinebea\/\" target=\"_blank\" rel=\"noopener\">Instagram<\/a> | <a href=\"https:\/\/pt.pinterest.com\/alinebea\/\" target=\"_blank\" rel=\"noopener\">Pinterest<\/a><\/h4>\t\t\t\t\t\t\t\t<\/div>\n\t\t\t\t<\/div>\n\t\t\t\t\t<\/div>\n\t\t<\/div>\n\t\t\t\t\t<\/div>\n\t\t<\/section>\n\t\t\t\t<section class=\"elementor-section elementor-top-section elementor-element elementor-element-29b0981 elementor-section-boxed elementor-section-height-default elementor-section-height-default parallax_section_no qode_elementor_container_no\" data-id=\"29b0981\" data-element_type=\"section\" data-e-type=\"section\">\n\t\t\t\t\t\t<div class=\"elementor-container elementor-column-gap-default\">\n\t\t\t\t\t<div class=\"elementor-column elementor-col-100 elementor-top-column elementor-element elementor-element-380aa28\" data-id=\"380aa28\" data-element_type=\"column\" data-e-type=\"column\">\n\t\t\t<div class=\"elementor-widget-wrap elementor-element-populated\">\n\t\t\t\t\t\t<div class=\"elementor-element elementor-element-50d6015 elementor-widget elementor-widget-html\" data-id=\"50d6015\" data-element_type=\"widget\" data-e-type=\"widget\" data-widget_type=\"html.default\">\n\t\t\t\t<div class=\"elementor-widget-container\">\n\t\t\t\t\t<br>\n<br>\n<br>\n<br>\n<br>\t\t\t\t<\/div>\n\t\t\t\t<\/div>\n\t\t\t\t\t<\/div>\n\t\t<\/div>\n\t\t\t\t\t<\/div>\n\t\t<\/section>\n\t\t\t\t<\/div>","protected":false},"excerpt":{"rendered":"<p>THANK YOU! You are the best! SHOP BLOG \u00a0 Instagram | Pinterest<\/p>","protected":false},"author":1,"featured_media":0,"parent":0,"menu_order":0,"comment_status":"closed","ping_status":"closed","template":"full_width.php","meta":{"footnotes":""},"class_list":["post-12509","page","type-page","status-publish","hentry"],"_links":{"self":[{"href":"https:\/\/alinebea.com\/pt\/wp-json\/wp\/v2\/pages\/12509","targetHints":{"allow":["GET"]}}],"collection":[{"href":"https:\/\/alinebea.com\/pt\/wp-json\/wp\/v2\/pages"}],"about":[{"href":"https:\/\/alinebea.com\/pt\/wp-json\/wp\/v2\/types\/page"}],"author":[{"embeddable":true,"href":"https:\/\/alinebea.com\/pt\/wp-json\/wp\/v2\/users\/1"}],"replies":[{"embeddable":true,"href":"https:\/\/alinebea.com\/pt\/wp-json\/wp\/v2\/comments?post=12509"}],"version-history":[{"count":3,"href":"https:\/\/alinebea.com\/pt\/wp-json\/wp\/v2\/pages\/12509\/revisions"}],"predecessor-version":[{"id":12513,"href":"https:\/\/alinebea.com\/pt\/wp-json\/wp\/v2\/pages\/12509\/revisions\/12513"}],"wp:attachment":[{"href":"https:\/\/alinebea.com\/pt\/wp-json\/wp\/v2\/media?parent=12509"}],"curies":[{"name":"wp","href":"https:\/\/api.w.org\/{rel}","templated":true}]}}