{"id":130,"date":"2020-01-21T14:25:03","date_gmt":"2020-01-21T14:25:03","guid":{"rendered":"https:\/\/bridge316.qodeinteractive.com\/?page_id=130"},"modified":"2025-03-27T15:07:36","modified_gmt":"2025-03-27T15:07:36","slug":"about","status":"publish","type":"page","link":"https:\/\/alinebea.com\/pt\/about\/","title":{"rendered":"Sobre"},"content":{"rendered":"<div data-elementor-type=\"wp-page\" data-elementor-id=\"130\" class=\"elementor elementor-130\">\n\t\t\t\t\t\t<section class=\"elementor-section elementor-top-section elementor-element elementor-element-847074c elementor-section-height-min-height elementor-section-boxed elementor-section-height-default elementor-section-items-middle parallax_section_no qode_elementor_container_no\" data-id=\"847074c\" data-element_type=\"section\" data-e-type=\"section\" data-settings=\"{&quot;background_background&quot;:&quot;classic&quot;}\">\n\t\t\t\t\t\t<div class=\"elementor-container elementor-column-gap-default\">\n\t\t\t\t\t<div class=\"elementor-column elementor-col-100 elementor-top-column elementor-element elementor-element-3f7006a\" data-id=\"3f7006a\" data-element_type=\"column\" data-e-type=\"column\">\n\t\t\t<div class=\"elementor-widget-wrap\">\n\t\t\t\t\t\t\t<\/div>\n\t\t<\/div>\n\t\t\t\t\t<\/div>\n\t\t<\/section>\n\t\t\t\t<section class=\"elementor-section elementor-top-section elementor-element elementor-element-c78e8a5 elementor-section-boxed elementor-section-height-default elementor-section-height-default parallax_section_no qode_elementor_container_no\" data-id=\"c78e8a5\" data-element_type=\"section\" data-e-type=\"section\">\n\t\t\t\t\t\t<div class=\"elementor-container elementor-column-gap-default\">\n\t\t\t\t\t<div class=\"elementor-column elementor-col-100 elementor-top-column elementor-element elementor-element-7bc3016\" data-id=\"7bc3016\" data-element_type=\"column\" data-e-type=\"column\">\n\t\t\t<div class=\"elementor-widget-wrap elementor-element-populated\">\n\t\t\t\t\t\t<div class=\"elementor-element elementor-element-a21670a elementor-widget elementor-widget-text-editor\" data-id=\"a21670a\" data-element_type=\"widget\" data-e-type=\"widget\" data-widget_type=\"text-editor.default\">\n\t\t\t\t<div class=\"elementor-widget-container\">\n\t\t\t\t\t\t\t\t\t<blockquote><h5>Aline \u00e9 uma designer de estampas e ilustradora brasileira vivendo na Madeira. \u00c9 a partir desse exuberante arquip\u00e9lago portugu\u00eas que ela cria designs e estampas para as ind\u00fastrias de decora\u00e7\u00e3o, papel de parede, t\u00eaxtil e papelaria. Explorar o que h\u00e1 por tr\u00e1s das formas fixas \u00e9 uma parte importante de seu processo criativo. \u00c9 atrav\u00e9s de desenhos expressivos, linhas gestuais, explora\u00e7\u00e3o abstrata e tons neutros e terrosos que ela d\u00e1 espa\u00e7o aos sentimentos, sensa\u00e7\u00f5es e mem\u00f3rias ocultas. Ao combinar suas t\u00e9cnicas preferidas - aquarela livre e caneta de tinta aplicada ao papel - com a inspira\u00e7\u00e3o da natureza e de coisas simples na vida, Aline desenvolve padr\u00f5es vers\u00e1teis e atemporais, que embelezam e trazem inspira\u00e7\u00e3o para a vida di\u00e1ria.<\/h5><\/blockquote>\t\t\t\t\t\t\t\t<\/div>\n\t\t\t\t<\/div>\n\t\t\t\t\t<\/div>\n\t\t<\/div>\n\t\t\t\t\t<\/div>\n\t\t<\/section>\n\t\t\t\t<section class=\"elementor-section elementor-top-section elementor-element elementor-element-a309e9e elementor-section-boxed elementor-section-height-default elementor-section-height-default parallax_section_no qode_elementor_container_no\" data-id=\"a309e9e\" data-element_type=\"section\" data-e-type=\"section\" data-settings=\"{&quot;background_background&quot;:&quot;classic&quot;}\">\n\t\t\t\t\t\t<div class=\"elementor-container elementor-column-gap-default\">\n\t\t\t\t\t<div class=\"elementor-column elementor-col-100 elementor-top-column elementor-element elementor-element-ad62cbb\" data-id=\"ad62cbb\" data-element_type=\"column\" data-e-type=\"column\">\n\t\t\t<div class=\"elementor-widget-wrap elementor-element-populated\">\n\t\t\t\t\t\t<div class=\"elementor-element elementor-element-e2d73dd elementor-widget elementor-widget-heading\" data-id=\"e2d73dd\" data-element_type=\"widget\" data-e-type=\"widget\" data-widget_type=\"heading.default\">\n\t\t\t\t<div class=\"elementor-widget-container\">\n\t\t\t\t\t<h1 class=\"elementor-heading-title elementor-size-default\">HELLO!<\/h1>\t\t\t\t<\/div>\n\t\t\t\t<\/div>\n\t\t\t\t<div class=\"elementor-element elementor-element-86c499a elementor-widget elementor-widget-heading\" data-id=\"86c499a\" data-element_type=\"widget\" data-e-type=\"widget\" data-widget_type=\"heading.default\">\n\t\t\t\t<div class=\"elementor-widget-container\">\n\t\t\t\t\t<h5 class=\"elementor-heading-title elementor-size-default\">Que bom ver voc\u00ea por aqui!<\/h5>\t\t\t\t<\/div>\n\t\t\t\t<\/div>\n\t\t\t\t<div class=\"elementor-element elementor-element-b222c1f elementor-widget elementor-widget-text-editor\" data-id=\"b222c1f\" data-element_type=\"widget\" data-e-type=\"widget\" data-widget_type=\"text-editor.default\">\n\t\t\t\t<div class=\"elementor-widget-container\">\n\t\t\t\t\t\t\t\t\t<p>Sou a Aline, designer de estampas e ilustradora comprometida com a miss\u00e3o de embelezar a vida cotidiana com designs inspiradores, vers\u00e1teis e atemporais. \u00c9 da ensolarada Madeira, uma bela ilha portuguesa no meio do Atl\u00e2ntico, que crio estampas e ilustra\u00e7\u00f5es para tecidos, pap\u00e9is de parede, objetos de decora\u00e7\u00e3o e produtos de papelaria.<\/p><p>\u00a0<\/p><p>For two years I lived on the road, traveling between islands of exuberant nature and multicultural and vibrant European cities &#8211; a rewarding experience that filled my soul and sketchbook with ideas and inspiration.<\/p><p>\u00a0<\/p><p>Sou ex arquiteta, e sigo amando colocar a caneta ou a tinta a dan\u00e7ar no papel, combinando paisagens detalhadas, arquitetura, bot\u00e2nica e peculiaridades da natureza \u00e0 desenhos expressivos, linhas gestuais e composi\u00e7\u00f5es abstratas. Revelar o que est\u00e1 por tr\u00e1s de formas fixas, brincar com escalas, contar hist\u00f3rias por meio de cole\u00e7\u00f5es e usar cores inspiradas na natureza \u00e9 como espero instigar a sua criatividade e imagina\u00e7\u00e3o.<\/p><p>\u00a0<\/p><p>Olhos atentos v\u00e3o descobrir elementos ocultos nas minhas estampas Toile de Jouy, ou ent\u00e3o encontrar espa\u00e7o para a imagina\u00e7\u00e3o em composi\u00e7\u00f5es mais fluidas. Ficar pensando em todas as hist\u00f3rias que ser\u00e3o criadas, vividas ou imaginadas com e a partir dos meus designs d\u00e1 aquele quentinho no cora\u00e7\u00e3o e me enche de alegria.<\/p><h4>\u00a0<\/h4><h4 class=\"Heading-exp-2\"><strong><span lang=\"EN-US\">Trabalhe comigo<\/span><\/strong><\/h4><p class=\"Paragraph-AB\"><span lang=\"EN-US\">Meus designs est\u00e3o dispon\u00edveis para licenciamento exclusivo e n\u00e3o-exclusivo, e eu estou aberta a novas parcerias e colabora\u00e7\u00f5es. <\/span><span lang=\"EN-US\">Se voc\u00ea tem o produto perfeito para os meus designs, eu adoraria saber!<\/span><\/p><p class=\"Paragraph-AB\"><span lang=\"EN-US\">Uma amostra do meu trabalho pode ser vista na se\u00e7\u00e3o <strong><a title=\"Aline Bea | Portfolio\" href=\"http:\/\/alinebea.com\/pt\/portfolio\/\" target=\"_blank\" rel=\"noopener\">portf\u00f3lio<\/a> <\/strong>Para ter acesso ao portfolio completo ou apenas come\u00e7ar uma conversa, por favor, me envia uma <a href=\"mailto: aline@alinebea.com\" target=\"_blank\" rel=\"noopener\"><strong>mensagem<\/strong><\/a>. Mal posso esperar para te conhecer!<\/span><\/p><h4>\u00a0<\/h4><h4 class=\"Heading-exp-2\"><strong><span lang=\"EN-US\">Seja minhe amigue<\/span><\/strong><\/h4><p class=\"Paragraph-AB\"><span lang=\"EN-US\">Se quiser acompanhar a minha jornada, e ficar por dentro de novidades, novos lan\u00e7amentos e ter acesso a recursos gratuitos, considere assinar a minha <strong><a title=\"Aline Bea | Newsletter\" href=\"http:\/\/alinebea.com\/pt\/newsletter\/\" target=\"_blank\" rel=\"noopener\">newsletter<\/a><\/strong>. Estarei sempre dispon\u00edvel no <span style=\"text-decoration: underline;\"><a title=\"Aline Bea | Instagram\" href=\"https:\/\/www.instagram.com\/alinebea\/\" target=\"_blank\" rel=\"noopener\">Instagram<\/a> <\/span>e <span style=\"text-decoration: underline;\"><a title=\"Aline Bea | Pinterest\" href=\"https:\/\/www.pinterest.pt\/alinebea\/\" target=\"_blank\" rel=\"noopener\">Pinterest<\/a><\/span>mas fazer parte da minha lista de e-mails \u00e9 a forma mais confi\u00e1vel de ficar mais pertinho e ter acesso \u00e0 recursos gratuitos.\u00a0<\/span><\/p>\t\t\t\t\t\t\t\t<\/div>\n\t\t\t\t<\/div>\n\t\t\t\t\t<\/div>\n\t\t<\/div>\n\t\t\t\t\t<\/div>\n\t\t<\/section>\n\t\t\t\t<section class=\"elementor-section elementor-top-section elementor-element elementor-element-52f72e9 elementor-section-height-min-height elementor-section-boxed elementor-section-height-default elementor-section-items-middle parallax_section_no qode_elementor_container_no\" data-id=\"52f72e9\" data-element_type=\"section\" data-e-type=\"section\" data-settings=\"{&quot;background_background&quot;:&quot;classic&quot;}\">\n\t\t\t\t\t\t<div class=\"elementor-container elementor-column-gap-default\">\n\t\t\t\t\t<div class=\"elementor-column elementor-col-100 elementor-top-column elementor-element elementor-element-937c4ce\" data-id=\"937c4ce\" data-element_type=\"column\" data-e-type=\"column\">\n\t\t\t<div class=\"elementor-widget-wrap elementor-element-populated\">\n\t\t\t\t\t\t<div class=\"elementor-element elementor-element-8faa396 elementor-widget elementor-widget-heading\" data-id=\"8faa396\" data-element_type=\"widget\" data-e-type=\"widget\" data-widget_type=\"heading.default\">\n\t\t\t\t<div class=\"elementor-widget-container\">\n\t\t\t\t\t<h1 class=\"elementor-heading-title elementor-size-default\">Let's connect!<\/h1>\t\t\t\t<\/div>\n\t\t\t\t<\/div>\n\t\t\t\t<div class=\"elementor-element elementor-element-4313df6 elementor-widget elementor-widget-heading\" data-id=\"4313df6\" data-element_type=\"widget\" data-e-type=\"widget\" data-widget_type=\"heading.default\">\n\t\t\t\t<div class=\"elementor-widget-container\">\n\t\t\t\t\t<h4 class=\"elementor-heading-title elementor-size-default\">onde me encontrar<\/h4>\t\t\t\t<\/div>\n\t\t\t\t<\/div>\n\t\t\t\t<section class=\"elementor-section elementor-inner-section elementor-element elementor-element-a612c42 elementor-section-content-middle elementor-section-boxed elementor-section-height-default elementor-section-height-default parallax_section_no qode_elementor_container_no\" data-id=\"a612c42\" data-element_type=\"section\" data-e-type=\"section\">\n\t\t\t\t\t\t<div class=\"elementor-container elementor-column-gap-default\">\n\t\t\t\t\t<div class=\"elementor-column elementor-col-100 elementor-inner-column elementor-element elementor-element-e262154\" data-id=\"e262154\" data-element_type=\"column\" data-e-type=\"column\">\n\t\t\t<div class=\"elementor-widget-wrap elementor-element-populated\">\n\t\t\t\t\t\t<div class=\"elementor-element elementor-element-8cc7aa3 elementor-widget__width-auto elementor-widget-tablet__width-auto elementor-widget-mobile__width-auto elementor-widget elementor-widget-bridge_social_icons\" data-id=\"8cc7aa3\" data-element_type=\"widget\" data-e-type=\"widget\" data-widget_type=\"bridge_social_icons.default\">\n\t\t\t\t<div class=\"elementor-widget-container\">\n\t\t\t\t\t<span class='q_social_icon_holder normal_social' data-color=\"#313D3F\" data-hover-color=\"#A35C31\"><i class=\"qode_icon_font_awesome fa fa-instagram fa-2x simple_social\" style=\"color: #313D3F;\" ><\/i><\/span>\t\t\t\t<\/div>\n\t\t\t\t<\/div>\n\t\t\t\t<div class=\"elementor-element elementor-element-dbc2e8f elementor-widget__width-auto elementor-widget-tablet__width-auto elementor-widget-mobile__width-auto elementor-widget elementor-widget-bridge_social_icons\" data-id=\"dbc2e8f\" data-element_type=\"widget\" data-e-type=\"widget\" data-widget_type=\"bridge_social_icons.default\">\n\t\t\t\t<div class=\"elementor-widget-container\">\n\t\t\t\t\t<span class='q_social_icon_holder normal_social' data-color=\"#313D3F\" data-hover-color=\"#A35C31\"><i class=\"qode_icon_font_awesome fa fa-pinterest-p fa-2x simple_social\" style=\"color: #313D3F;\" ><\/i><\/span>\t\t\t\t<\/div>\n\t\t\t\t<\/div>\n\t\t\t\t\t<\/div>\n\t\t<\/div>\n\t\t\t\t\t<\/div>\n\t\t<\/section>\n\t\t\t\t<div class=\"elementor-element elementor-element-e7b2c19 elementor-widget elementor-widget-bridge_cf_7\" data-id=\"e7b2c19\" data-element_type=\"widget\" data-e-type=\"widget\" data-widget_type=\"bridge_cf_7.default\">\n\t\t\t\t<div class=\"elementor-widget-container\">\n\t\t\t\t\t    <div class=\"qode-contact-form-7 qode-contact-form-7-0\">\n    \n<div class=\"wpcf7 no-js\" id=\"wpcf7-f1404-o1\" lang=\"en-US\" dir=\"ltr\" data-wpcf7-id=\"1404\">\n<div class=\"screen-reader-response\"><p role=\"status\" aria-live=\"polite\" aria-atomic=\"true\"><\/p> <ul><\/ul><\/div>\n<form action=\"\/pt\/wp-json\/wp\/v2\/pages\/130#wpcf7-f1404-o1\" method=\"post\" class=\"wpcf7-form init cf7_custom_style_2\" aria-label=\"Contact form\" novalidate=\"novalidate\" data-status=\"init\" data-trp-original-action=\"\/pt\/wp-json\/wp\/v2\/pages\/130#wpcf7-f1404-o1\">\n<fieldset class=\"hidden-fields-container\"><input type=\"hidden\" name=\"_wpcf7\" value=\"1404\" \/><input type=\"hidden\" name=\"_wpcf7_version\" value=\"6.1.5\" \/><input type=\"hidden\" name=\"_wpcf7_locale\" value=\"en_US\" \/><input type=\"hidden\" name=\"_wpcf7_unit_tag\" value=\"wpcf7-f1404-o1\" \/><input type=\"hidden\" name=\"_wpcf7_container_post\" value=\"0\" \/><input type=\"hidden\" name=\"_wpcf7_posted_data_hash\" value=\"\" \/><input type=\"hidden\" name=\"_wpcf7_recaptcha_response\" value=\"\" \/>\n<\/fieldset>\n<div class=\"three_columns clearfix\">\n\t<div class=\"column1\">\n\t\t<div class=\"column_inner\">\n\t\t\t<p><span class=\"wpcf7-form-control-wrap\" data-name=\"first-name\"><input size=\"40\" maxlength=\"400\" class=\"wpcf7-form-control wpcf7-text wpcf7-validates-as-required\" aria-required=\"true\" aria-invalid=\"false\" placeholder=\"Nome\" value=\"\" type=\"text\" name=\"first-name\" \/><\/span>\n\t\t\t<\/p>\n\t\t<\/div>\n\t<\/div>\n\t<div class=\"column2\">\n\t\t<div class=\"column_inner\">\n\t\t\t<p><span class=\"wpcf7-form-control-wrap\" data-name=\"your-email\"><input size=\"40\" maxlength=\"400\" class=\"wpcf7-form-control wpcf7-email wpcf7-validates-as-required wpcf7-text wpcf7-validates-as-email\" aria-required=\"true\" aria-invalid=\"false\" placeholder=\"E-mail\" value=\"\" type=\"email\" name=\"your-email\" \/><\/span>\n\t\t\t<\/p>\n\t\t<\/div>\n\t\t<p><span class=\"wpcf7-form-control-wrap\" data-name=\"Language-PT\"><span class=\"wpcf7-form-control wpcf7-checkbox\"><span class=\"wpcf7-list-item first last\"><label><span class=\"wpcf7-list-item-label\">Receber conte\u00fado em portugu\u00eas<\/span><input type=\"checkbox\" name=\"Language-PT[]\" value=\"Receive content in Portuguese\" \/><\/label><\/span><\/span><\/span>\n\t\t<\/p>\n\t<\/div>\n\t<div class=\"column3\">\n\t\t<div class=\"column_inner\">\n\t\t\t<p><input class=\"wpcf7-form-control wpcf7-submit has-spinner\" type=\"submit\" value=\"Cadastrar\" \/>\n\t\t\t<\/p>\n\t\t<\/div>\n\t<\/div>\n<\/div><p style=\"display: none !important;\" class=\"akismet-fields-container\" data-prefix=\"_wpcf7_ak_\"><label>&#916;<textarea name=\"_wpcf7_ak_hp_textarea\" cols=\"45\" rows=\"8\" maxlength=\"100\"><\/textarea><\/label><input type=\"hidden\" id=\"ak_js_1\" name=\"_wpcf7_ak_js\" value=\"143\"\/><script>document.getElementById( \"ak_js_1\" ).setAttribute( \"value\", ( new Date() ).getTime() );<\/script><\/p><div class=\"wpcf7-response-output\" aria-hidden=\"true\"><\/div>\n<input type=\"hidden\" name=\"trp-form-language\" value=\"pt\"\/><\/form>\n<\/div>\n    <\/div>\n\t\t\t\t<\/div>\n\t\t\t\t<\/div>\n\t\t\t\t<div class=\"elementor-element elementor-element-58719bd elementor-widget elementor-widget-text-editor\" data-id=\"58719bd\" data-element_type=\"widget\" data-e-type=\"widget\" data-widget_type=\"text-editor.default\">\n\t\t\t\t<div class=\"elementor-widget-container\">\n\t\t\t\t\t\t\t\t\t<p style=\"text-align: left;\"><em>Ao submeter seus dados\u00a0concorda em receber mensagens de Aline Bea e est\u00e1 de acordo com a nossa\u00a0<a href=\"http:\/\/alinebea.com\/pt\/privacy-policy\/\" target=\"_blank\" rel=\"noopener\" aria-label=\"privacy policy. (opens in a new tab)\">Pol\u00edtica de Privacidade<\/a>\u00a0\u00a0\u00a0<\/em><\/p>\t\t\t\t\t\t\t\t<\/div>\n\t\t\t\t<\/div>\n\t\t\t\t\t<\/div>\n\t\t<\/div>\n\t\t\t\t\t<\/div>\n\t\t<\/section>\n\t\t\t\t<\/div>","protected":false},"excerpt":{"rendered":"<p>Aline is a Brazilian surface pattern designer and illustrator based on Madeira. From this exuberant Portuguese archipelago, she creates prints and patterns for the home&#8230;<\/p>","protected":false},"author":1,"featured_media":2358,"parent":0,"menu_order":0,"comment_status":"closed","ping_status":"closed","template":"full_width.php","meta":{"footnotes":""},"class_list":["post-130","page","type-page","status-publish","has-post-thumbnail","hentry"],"_links":{"self":[{"href":"https:\/\/alinebea.com\/pt\/wp-json\/wp\/v2\/pages\/130","targetHints":{"allow":["GET"]}}],"collection":[{"href":"https:\/\/alinebea.com\/pt\/wp-json\/wp\/v2\/pages"}],"about":[{"href":"https:\/\/alinebea.com\/pt\/wp-json\/wp\/v2\/types\/page"}],"author":[{"embeddable":true,"href":"https:\/\/alinebea.com\/pt\/wp-json\/wp\/v2\/users\/1"}],"replies":[{"embeddable":true,"href":"https:\/\/alinebea.com\/pt\/wp-json\/wp\/v2\/comments?post=130"}],"version-history":[{"count":63,"href":"https:\/\/alinebea.com\/pt\/wp-json\/wp\/v2\/pages\/130\/revisions"}],"predecessor-version":[{"id":12725,"href":"https:\/\/alinebea.com\/pt\/wp-json\/wp\/v2\/pages\/130\/revisions\/12725"}],"wp:featuredmedia":[{"embeddable":true,"href":"https:\/\/alinebea.com\/pt\/wp-json\/wp\/v2\/media\/2358"}],"wp:attachment":[{"href":"https:\/\/alinebea.com\/pt\/wp-json\/wp\/v2\/media?parent=130"}],"curies":[{"name":"wp","href":"https:\/\/api.w.org\/{rel}","templated":true}]}}