{"id":3,"date":"2020-12-16T10:20:00","date_gmt":"2020-12-16T10:20:00","guid":{"rendered":"http:\/\/alinebea.com\/?page_id=3"},"modified":"2024-03-12T15:22:31","modified_gmt":"2024-03-12T15:22:31","slug":"privacy-policy","status":"publish","type":"page","link":"https:\/\/alinebea.com\/pt\/privacy-policy\/","title":{"rendered":"Pol\u00edtica de Privacidade"},"content":{"rendered":"<div style=\"height:18px\" aria-hidden=\"true\" class=\"wp-block-spacer\"><\/div>\n\n\n\n<div style=\"height:116px\" aria-hidden=\"true\" class=\"wp-block-spacer\"><\/div>\n\n\n\n<h2 class=\"wp-block-heading has-text-align-left\"><strong>Pol\u00edtica de Privacidade <\/strong><\/h2>\n\n\n\n<div style=\"height:46px\" aria-hidden=\"true\" class=\"wp-block-spacer\"><\/div>\n\n\n\n<p class=\"has-text-align-left\">Esta Pol\u00edtica de Privacidade descreve como suas informa\u00e7\u00f5es pessoais s\u00e3o coletadas, usadas e compartilhadas quando voc\u00ea visita ou faz uma compra em http:\/\/alinebea.com (o \"Site\").<\/p>\n\n\n\n<div style=\"height:46px\" aria-hidden=\"true\" class=\"wp-block-spacer\"><\/div>\n\n\n\n<h4 class=\"wp-block-heading\"><strong>Informa\u00e7\u00f5es pessoais que coletamos<\/strong><\/h4>\n\n\n\n<div style=\"height:18px\" aria-hidden=\"true\" class=\"wp-block-spacer\"><\/div>\n\n\n\n<p class=\"has-text-align-left\">When you visit the Site, we automatically collect certain information about your device, including information about your web browser, IP address, time zone, and some of the cookies that are installed on your device.  Additionally, as you browse the Site, we collect information about the individual web pages or products that you view, what websites or search terms referred you to the Site, and information about how you interact with the Site. We refer to this automatically-collected information as \u201cDevice Information.\u201d Please, read our <a href=\"https:\/\/alinebea.com\/pt\/cookie-policy\/\" data-type=\"link\" data-id=\"https:\/\/alinebea.com\/cookie-policy\/\"><strong><em>Cookie Policy<\/em><\/strong><\/a> for a detailed information about the types of cookies, how we use them and how to adjust the cookie preferences. <br><\/p>\n\n\n\n<div style=\"height:18px\" aria-hidden=\"true\" class=\"wp-block-spacer\"><\/div>\n\n\n\n<p>Coletamos informa\u00e7\u00f5es sobre os dispositivos usando as seguintes tecnologias:<br><\/p>\n\n\n\n<div style=\"height:18px\" aria-hidden=\"true\" class=\"wp-block-spacer\"><\/div>\n\n\n\n<p>- \"Cookies\" s\u00e3o arquivos de dados que s\u00e3o colocados em seu dispositivo ou computador e frequentemente incluem um identificador an\u00f4nimo \u00fanico. Para maiores informa\u00e7\u00f5es sobre cookies, e como desativar cookies, visite http:\/\/www.allaboutcookies.org.<\/p>\n\n\n\n<p>- Os \"arquivos de log\" rastreiam as a\u00e7\u00f5es que ocorrem no Site e coletam dados incluindo seu endere\u00e7o IP, tipo de navegador, provedor de servi\u00e7os de Internet, p\u00e1ginas de refer\u00eancia\/sa\u00edda e carimbos de data\/hora.<\/p>\n\n\n\n<p>- \"Web beacons\", \"tags\" e \"pixels\" s\u00e3o arquivos eletr\u00f4nicos usados para registrar informa\u00e7\u00f5es sobre como voc\u00ea navega no Site.<br><\/p>\n\n\n\n<div style=\"height:18px\" aria-hidden=\"true\" class=\"wp-block-spacer\"><\/div>\n\n\n\n<p>Al\u00e9m disso, quando voc\u00ea faz uma compra ou tenta fazer uma compra atrav\u00e9s do Site, coletamos certas informa\u00e7\u00f5es de voc\u00ea, incluindo seu nome, endere\u00e7o de cobran\u00e7a, endere\u00e7o de envio, informa\u00e7\u00f5es de pagamento (incluindo n\u00fameros de cart\u00e3o de cr\u00e9dito), endere\u00e7o de e-mail e n\u00famero de telefone. Referimo-nos a estas informa\u00e7\u00f5es como \"Informa\u00e7\u00f5es de Pedido\".<br><\/p>\n\n\n\n<div style=\"height:18px\" aria-hidden=\"true\" class=\"wp-block-spacer\"><\/div>\n\n\n\n<p>Quando falamos de \"Informa\u00e7\u00f5es Pessoais\" nesta Pol\u00edtica de Privacidade, estamos falando tanto de Informa\u00e7\u00f5es de Dispositivos como de Informa\u00e7\u00f5es de Pedidos.<br><\/p>\n\n\n\n<div style=\"height:46px\" aria-hidden=\"true\" class=\"wp-block-spacer\"><\/div>\n\n\n\n<h4 class=\"wp-block-heading\"><strong><strong>Como utilizamos suas informa\u00e7\u00f5es pessoais?<\/strong><\/strong><\/h4>\n\n\n\n<div style=\"height:18px\" aria-hidden=\"true\" class=\"wp-block-spacer\"><\/div>\n\n\n\n<p>Utilizamos as Informa\u00e7\u00f5es sobre Pedidos que coletamos geralmente para atender a quaisquer pedidos feitos atrav\u00e9s do Site (incluindo o processamento de suas informa\u00e7\u00f5es de pagamento, organiza\u00e7\u00e3o do envio e o fornecimento de faturas e\/ou confirma\u00e7\u00f5es de pedidos). Al\u00e9m disso, utilizamos estas Informa\u00e7\u00f5es de Pedido para:<\/p>\n\n\n\n<div style=\"height:18px\" aria-hidden=\"true\" class=\"wp-block-spacer\"><\/div>\n\n\n\n<p>-Comunicar com voc\u00ea;<\/p>\n\n\n\n<p>-Criar nossos pedidos para risco potencial ou fraude; e<\/p>\n\n\n\n<p>-Quando estiver de acordo com as prefer\u00eancias que voc\u00ea tenha compartilhado conosco, forne\u00e7a-lhe informa\u00e7\u00f5es ou publicidade relacionadas a nossos produtos ou servi\u00e7os.<\/p>\n\n\n\n<div style=\"height:18px\" aria-hidden=\"true\" class=\"wp-block-spacer\"><\/div>\n\n\n\n<p>Utilizamos as Informa\u00e7\u00f5es do Dispositivo que coletamos para nos ajudar a selecionar riscos potenciais e fraudes (em particular, seu endere\u00e7o IP) e, de modo mais geral, para melhorar e otimizar nosso Site (por exemplo, gerando an\u00e1lises sobre como nossos clientes navegam e interagem com o Site, e para avaliar o sucesso de nossas campanhas de marketing e publicidade).<br><\/p>\n\n\n\n<div style=\"height:46px\" aria-hidden=\"true\" class=\"wp-block-spacer\"><\/div>\n\n\n\n<h4 class=\"wp-block-heading\"><strong><strong><strong>Compartilhando suas informa\u00e7\u00f5es pessoais<\/strong><\/strong><\/strong><\/h4>\n\n\n\n<div style=\"height:18px\" aria-hidden=\"true\" class=\"wp-block-spacer\"><\/div>\n\n\n\n<p>Compartilhamos suas Informa\u00e7\u00f5es Pessoais com terceiros para nos ajudar a usar suas Informa\u00e7\u00f5es Pessoais, conforme descrito acima. Tamb\u00e9m usamos o Google Analytics para nos ajudar a entender como nossos clientes usam o Site - voc\u00ea pode ler mais sobre como o Google usa suas Informa\u00e7\u00f5es Pessoais aqui: https:\/\/www.google.com\/intl\/en\/policies\/privacy\/. Voc\u00ea tamb\u00e9m pode optar por n\u00e3o usar o Google Analytics aqui: https:\/\/tools.google.com\/dlpage\/gaoptout.<\/p>\n\n\n\n<div style=\"height:18px\" aria-hidden=\"true\" class=\"wp-block-spacer\"><\/div>\n\n\n\n<p><br>Finalmente, tamb\u00e9m podemos compartilhar suas Informa\u00e7\u00f5es Pessoais para cumprir as leis e regulamentos aplic\u00e1veis, para responder a uma intima\u00e7\u00e3o, mandado de busca ou outro pedido legal de informa\u00e7\u00f5es que recebemos, ou para proteger de outra forma nossos direitos.<br><\/p>\n\n\n\n<div style=\"height:46px\" aria-hidden=\"true\" class=\"wp-block-spacer\"><\/div>\n\n\n\n<h4 class=\"wp-block-heading\"><strong><strong><strong><strong>Publicidade comportamental<\/strong><\/strong><\/strong><\/strong><\/h4>\n\n\n\n<div style=\"height:18px\" aria-hidden=\"true\" class=\"wp-block-spacer\"><\/div>\n\n\n\n<p>Conforme descrito acima, usamos suas Informa\u00e7\u00f5es Pessoais para lhe fornecer an\u00fancios ou comunica\u00e7\u00f5es de marketing direcionados que acreditamos que possam ser de seu interesse. Para mais informa\u00e7\u00f5es sobre como funciona a publicidade direcionada, voc\u00ea pode visitar a p\u00e1gina educacional da Network Advertising Initiative (\"NAI\") em http:\/\/www.networkadvertising.org\/understanding-online-advertising\/how-does-it-work.<\/p>\n\n\n\n<div style=\"height:18px\" aria-hidden=\"true\" class=\"wp-block-spacer\"><\/div>\n\n\n\n<p>Voc\u00ea pode optar por n\u00e3o participar da publicidade direcionada por:<\/p>\n\n\n\n<p>FACEBOOK &#8211; https:\/\/www.facebook.com\/settings\/?tab=ads<\/p>\n\n\n\n<p>GOOGLE &#8211; https:\/\/www.google.com\/settings\/ads\/anonymous<\/p>\n\n\n\n<p>BING &#8211; https:\/\/advertise.bingads.microsoft.com\/en-us\/resources\/policies\/personalized-ads<\/p>\n\n\n\n<div style=\"height:18px\" aria-hidden=\"true\" class=\"wp-block-spacer\"><\/div>\n\n\n\n<p>Al\u00e9m disso, voc\u00ea pode optar por n\u00e3o participar de alguns destes servi\u00e7os visitando o portal de n\u00e3o participa\u00e7\u00e3o da Digital Advertising Alliance em: http:\/\/optout.aboutads.info\/.<\/p>\n\n\n\n<div style=\"height:46px\" aria-hidden=\"true\" class=\"wp-block-spacer\"><\/div>\n\n\n\n<h4 class=\"wp-block-heading\"><strong><strong><strong><strong><strong>N\u00e3o rastrear<\/strong><\/strong><\/strong><\/strong><\/strong><\/h4>\n\n\n\n<div style=\"height:18px\" aria-hidden=\"true\" class=\"wp-block-spacer\"><\/div>\n\n\n\n<p>Favor observar que n\u00e3o alteramos as pr\u00e1ticas de coleta e uso de dados de nosso site quando vemos um sinal \"N\u00e3o rastrear\" de seu navegador.<\/p>\n\n\n\n<div style=\"height:46px\" aria-hidden=\"true\" class=\"wp-block-spacer\"><\/div>\n\n\n\n<h4 class=\"wp-block-heading\"><strong><strong><strong><strong><strong><strong>Seus direitos<\/strong><\/strong><\/strong><\/strong><\/strong><\/strong><\/h4>\n\n\n\n<div style=\"height:18px\" aria-hidden=\"true\" class=\"wp-block-spacer\"><\/div>\n\n\n\n<p>Se voc\u00ea \u00e9 um residente europeu, voc\u00ea tem o direito de acessar as informa\u00e7\u00f5es pessoais que temos sobre voc\u00ea e solicitar que suas informa\u00e7\u00f5es pessoais sejam corrigidas, atualizadas ou exclu\u00eddas. Se voc\u00ea deseja exercer este direito, entre em contato conosco atrav\u00e9s das informa\u00e7\u00f5es de contato abaixo. Adicionalmente, se voc\u00ea for um residente europeu, notamos que estamos processando suas informa\u00e7\u00f5es a fim de cumprir contratos que possamos ter com voc\u00ea (por exemplo, se voc\u00ea fizer um pedido atrav\u00e9s do Site), ou de outra forma para perseguir nossos leg\u00edtimos interesses comerciais listados acima. Al\u00e9m disso, favor observar que suas informa\u00e7\u00f5es ser\u00e3o transferidas para fora da Europa, inclusive para o Canad\u00e1 e os Estados Unidos.<\/p>\n\n\n\n<div style=\"height:46px\" aria-hidden=\"true\" class=\"wp-block-spacer\"><\/div>\n\n\n\n<h4 class=\"wp-block-heading\"><strong><strong><strong><strong><strong><strong><strong>Reten\u00e7\u00e3o de dados&nbsp;<\/strong><\/strong><\/strong><\/strong><\/strong><\/strong><\/strong><\/h4>\n\n\n\n<div style=\"height:18px\" aria-hidden=\"true\" class=\"wp-block-spacer\"><\/div>\n\n\n\n<p>Quando voc\u00ea faz um pedido atrav\u00e9s do Site, manteremos suas Informa\u00e7\u00f5es de Pedido para nossos registros, a menos que e at\u00e9 que voc\u00ea nos pe\u00e7a para apagar estas informa\u00e7\u00f5es.<\/p>\n\n\n\n<div style=\"height:46px\" aria-hidden=\"true\" class=\"wp-block-spacer\"><\/div>\n\n\n\n<h4 class=\"wp-block-heading\"><strong><strong><strong><strong><strong><strong><strong><strong>Altera\u00e7\u00f5es&nbsp;<\/strong><\/strong><\/strong><\/strong><\/strong><\/strong><\/strong><\/strong><\/h4>\n\n\n\n<div style=\"height:18px\" aria-hidden=\"true\" class=\"wp-block-spacer\"><\/div>\n\n\n\n<p>Podemos atualizar esta pol\u00edtica de privacidade de tempos em tempos a fim de refletir, por exemplo, mudan\u00e7as em nossas pr\u00e1ticas ou por outras raz\u00f5es operacionais, legais ou regulamentares.<\/p>\n\n\n\n<div style=\"height:46px\" aria-hidden=\"true\" class=\"wp-block-spacer\"><\/div>\n\n\n\n<h4 class=\"wp-block-heading\"><strong><strong><strong><strong><strong><strong><strong><strong><strong>Entre em contato conosco<\/strong><\/strong><\/strong><\/strong><\/strong><\/strong><\/strong><\/strong><\/strong><\/h4>\n\n\n\n<div style=\"height:18px\" aria-hidden=\"true\" class=\"wp-block-spacer\"><\/div>\n\n\n\n<p>Para mais informa\u00e7\u00f5es sobre nossas pr\u00e1ticas de privacidade, se voc\u00ea tiver d\u00favidas ou quiser fazer uma reclama\u00e7\u00e3o, entre em contato conosco pelo e-mail aline@alinebea.com.<\/p>\n\n\n\n<div style=\"height:100px\" aria-hidden=\"true\" class=\"wp-block-spacer\"><\/div>\n\n\n\n<p><\/p>","protected":false},"excerpt":{"rendered":"<p>Privacy Policy This Privacy Policy describes how your personal information is collected, used, and shared when you visit or make a purchase from http:\/\/alinebea.com (the&#8230;<\/p>","protected":false},"author":1,"featured_media":0,"parent":0,"menu_order":0,"comment_status":"closed","ping_status":"closed","template":"","meta":{"footnotes":""},"class_list":["post-3","page","type-page","status-publish","hentry"],"_links":{"self":[{"href":"https:\/\/alinebea.com\/pt\/wp-json\/wp\/v2\/pages\/3","targetHints":{"allow":["GET"]}}],"collection":[{"href":"https:\/\/alinebea.com\/pt\/wp-json\/wp\/v2\/pages"}],"about":[{"href":"https:\/\/alinebea.com\/pt\/wp-json\/wp\/v2\/types\/page"}],"author":[{"embeddable":true,"href":"https:\/\/alinebea.com\/pt\/wp-json\/wp\/v2\/users\/1"}],"replies":[{"embeddable":true,"href":"https:\/\/alinebea.com\/pt\/wp-json\/wp\/v2\/comments?post=3"}],"version-history":[{"count":3,"href":"https:\/\/alinebea.com\/pt\/wp-json\/wp\/v2\/pages\/3\/revisions"}],"predecessor-version":[{"id":11147,"href":"https:\/\/alinebea.com\/pt\/wp-json\/wp\/v2\/pages\/3\/revisions\/11147"}],"wp:attachment":[{"href":"https:\/\/alinebea.com\/pt\/wp-json\/wp\/v2\/media?parent=3"}],"curies":[{"name":"wp","href":"https:\/\/api.w.org\/{rel}","templated":true}]}}